{"id":1430,"date":"2022-04-17T09:42:15","date_gmt":"2022-04-17T09:42:15","guid":{"rendered":"https:\/\/casanaihu.com\/?page_id=1430"},"modified":"2022-04-17T19:12:38","modified_gmt":"2022-04-17T19:12:38","slug":"gastronomy","status":"publish","type":"page","link":"https:\/\/casanaihu.com\/en\/arico\/gastronomy\/","title":{"rendered":"Gastronomy"},"content":{"rendered":"<section class=\"l-section wpb_row height_custom with_shape\"><div class=\"l-section-overlay\" style=\"background:#f5f5f5\"><\/div><div class=\"l-section-shape type_wave pos_top hor_flip\" style=\"height:5vh;\"><svg xmlns=\"http:\/\/www.w3.org\/2000\/svg\" viewBox=\"0 4 64 4\" preserveAspectRatio=\"none\" width=\"100%\" height=\"100%\">\r\n\t<path fill=\"currentColor\" d=\"M64 6 C32 0 32 12 0 6 L0 8 L64 8 Z\"\/>\r\n<\/svg><\/div><div class=\"l-section-shape type_wave pos_bottom hor_flip\" style=\"height:5vh;\"><svg xmlns=\"http:\/\/www.w3.org\/2000\/svg\" viewBox=\"0 4 64 4\" preserveAspectRatio=\"none\" width=\"100%\" height=\"100%\">\r\n\t<path fill=\"currentColor\" d=\"M64 6 C32 0 32 12 0 6 L0 8 L64 8 Z\"\/>\r\n<\/svg><\/div><div class=\"l-section-h i-cf\"><div class=\"g-cols vc_row via_grid cols_2 laptops-cols_inherit tablets-cols_inherit mobiles-cols_1 valign_middle type_default\"><div class=\"wpb_column vc_column_container\"><div class=\"vc_column-inner\"><div class=\"w-separator size_medium\"><\/div><div class=\"wpb_text_column\"><div class=\"wpb_wrapper\"><h1>Gastronomy<\/h1>\n<p>If there is one thing that leaves visitors spellbound, it is the <strong>gastronomy of the Canary Islands<\/strong>. Its variety of typical dishes and fish straight from the sea to the table delight all those who visit Tenerife.<\/p>\n<p>Arico is famous for its fish, honey, cheese and wine. An afternoon with these dishes will make you forget everything and you will be captivated by their flavour.<\/p>\n<\/div><\/div><div class=\"w-separator size_medium\"><\/div><\/div><\/div><div class=\"wpb_column vc_column_container\"><div class=\"vc_column-inner\"><div class=\"w-image align_center\"><div class=\"w-image-h\"><img loading=\"lazy\" decoding=\"async\" width=\"819\" height=\"1024\" src=\"https:\/\/casanaihu.com\/wp-content\/uploads\/2022\/04\/gastronomia-2-e1650192588725.webp\" class=\"attachment-full size-full\" alt=\"\" \/><\/div><\/div><\/div><\/div><\/div><\/div><\/section><section class=\"l-section wpb_row height_custom\"><div class=\"l-section-h i-cf\"><div class=\"g-cols vc_row via_grid cols_1 laptops-cols_inherit tablets-cols_inherit mobiles-cols_1 valign_top type_default\"><div class=\"wpb_column vc_column_container\"><div class=\"vc_column-inner\"><div class=\"wpb_text_column\"><div class=\"wpb_wrapper\"><h2 style=\"text-align: center;\">Our <em>Products<\/em><\/h2>\n<\/div><\/div><div class=\"w-separator size_medium with_line width_30 thick_1 style_solid color_secondary align_center\"><div class=\"w-separator-h\"><\/div><\/div><div class=\"g-cols wpb_row via_grid cols_2 laptops-cols_inherit tablets-cols_inherit mobiles-cols_1 valign_top type_default\"><div class=\"wpb_column vc_column_container\"><div class=\"vc_column-inner\"><div class=\"wpb_text_column\"><div class=\"wpb_wrapper\"><h3>Cheese<\/h3>\n<p>Since the time of the aborigines, Arico has been a land of good pasture for goats. The predominant breed is the &#8220;tinerfe\u00f1a sur&#8221;, of great productivity and quality. This has provided an excellent raw material for our cheeses. The quality of this product has been demonstrated by the international awards with which some varieties of our cheeses have been recognised, including the title of best cheese in the world.<\/p>\n<h5>Queser\u00eda Hoyo del Cura<\/h5>\n<p>They are an artisan cheese factory run by a family that has been making cheese for more than 30 years. They have fresh, smoked, semi-cured and almogrote cheeses.<\/p>\n<p>During these years they have received countless awards and distinctions such as the silver medal for fresh cheese.<\/p>\n<p>You can contact them on 670 45 26 27. When you call, tell them that you are recommended by us, they will give you an excellent quality product.<\/p>\n<\/div><\/div><div class=\"w-separator size_medium\"><\/div><div class=\"w-image align_center\"><div class=\"w-image-h\"><img loading=\"lazy\" decoding=\"async\" width=\"600\" height=\"450\" src=\"https:\/\/casanaihu.com\/wp-content\/uploads\/2022\/04\/quesos-hoyo-del-cura-600x450.webp\" class=\"attachment-shop_single size-shop_single\" alt=\"\" srcset=\"https:\/\/casanaihu.com\/wp-content\/uploads\/2022\/04\/quesos-hoyo-del-cura-600x450.webp 600w, https:\/\/casanaihu.com\/wp-content\/uploads\/2022\/04\/quesos-hoyo-del-cura-300x225.webp 300w, https:\/\/casanaihu.com\/wp-content\/uploads\/2022\/04\/quesos-hoyo-del-cura-1024x768.webp 1024w, https:\/\/casanaihu.com\/wp-content\/uploads\/2022\/04\/quesos-hoyo-del-cura-533x400.webp 533w, https:\/\/casanaihu.com\/wp-content\/uploads\/2022\/04\/quesos-hoyo-del-cura-150x113.webp 150w, https:\/\/casanaihu.com\/wp-content\/uploads\/2022\/04\/quesos-hoyo-del-cura.webp 1920w\" sizes=\"auto, (max-width: 600px) 100vw, 600px\" \/><\/div><\/div><\/div><\/div><div class=\"wpb_column vc_column_container\"><div class=\"vc_column-inner\"><div class=\"wpb_text_column\"><div class=\"wpb_wrapper\"><h3>Honey<\/h3>\n<p>Arico&#8217;s honey is one of the most traditional gastronomic products we have. The beekeeping tradition of the municipality has its origins in aboriginal times and has been preserved and consolidated to the present day. From the most traditional cork hives to the most modern ones, the production of our bees has specialised in getting the maximum flavour out of the flowers of Arico, from the lavender and barrilla of the coast to the broom of the summits. The honey of our beekeepers can be found in the supermarkets of the municipality and at the farmer&#8217;s market.<\/p>\n<\/div><\/div><div class=\"w-separator size_medium\"><\/div><div class=\"w-image align_center\"><div class=\"w-image-h\"><img loading=\"lazy\" decoding=\"async\" width=\"591\" height=\"394\" src=\"https:\/\/casanaihu.com\/wp-content\/uploads\/2022\/04\/miel-de-arico.jpeg\" class=\"attachment-shop_single size-shop_single\" alt=\"\" srcset=\"https:\/\/casanaihu.com\/wp-content\/uploads\/2022\/04\/miel-de-arico.jpeg 591w, https:\/\/casanaihu.com\/wp-content\/uploads\/2022\/04\/miel-de-arico-300x200.jpeg 300w, https:\/\/casanaihu.com\/wp-content\/uploads\/2022\/04\/miel-de-arico-150x100.jpeg 150w\" sizes=\"auto, (max-width: 591px) 100vw, 591px\" \/><\/div><\/div><\/div><\/div><\/div><div class=\"w-separator size_large\"><\/div><div class=\"g-cols wpb_row via_grid cols_2 laptops-cols_inherit tablets-cols_inherit mobiles-cols_1 valign_top type_default\"><div class=\"wpb_column vc_column_container\"><div class=\"vc_column-inner\"><div class=\"wpb_text_column\"><div class=\"wpb_wrapper\"><h3>Wines<\/h3>\n<p>Arico has a rich tradition of excellent wines and its wineries are within the Abona denomination of origin. There are several companies involved in wine production: Bodega Cumbres de Abona, Bodega El Auch\u00f3n, Bodega Le\u00f1a Blanca and Bodega Chaja\u00f1a. It also has restaurants that serve their own wine, such as Restaurant Bodega Pepe, Bar Central and Bar Restaurante Jer\u00f3nimo. Some of our wines have won awards worldwide. The traditional grape varieties are list\u00e1n blanco and negro and malvas\u00eda, improved with new varieties such as tempranillo, rub\u00ed cabernet, merlot, sirah and castellana. From the mixture of these varieties and the quality of our soils and the mild climate throughout the year, we obtain smooth and aromatic wines that are highly appreciated both nationally and internationally.<\/p>\n<\/div><\/div><\/div><\/div><div class=\"wpb_column vc_column_container\"><div class=\"vc_column-inner\"><div class=\"w-image align_center\"><div class=\"w-image-h\"><img loading=\"lazy\" decoding=\"async\" width=\"600\" height=\"332\" src=\"https:\/\/casanaihu.com\/wp-content\/uploads\/2022\/04\/cumbresdeabona-600x332.jpeg\" class=\"attachment-shop_single size-shop_single\" alt=\"\" srcset=\"https:\/\/casanaihu.com\/wp-content\/uploads\/2022\/04\/cumbresdeabona-600x332.jpeg 600w, https:\/\/casanaihu.com\/wp-content\/uploads\/2022\/04\/cumbresdeabona-300x166.jpeg 300w, https:\/\/casanaihu.com\/wp-content\/uploads\/2022\/04\/cumbresdeabona-150x83.jpeg 150w, https:\/\/casanaihu.com\/wp-content\/uploads\/2022\/04\/cumbresdeabona.jpeg 976w\" sizes=\"auto, (max-width: 600px) 100vw, 600px\" \/><\/div><\/div><\/div><\/div><\/div><\/div><\/div><\/div><\/div><\/section><section class=\"l-section wpb_row height_medium\"><div class=\"l-section-h i-cf\"><div class=\"g-cols vc_row via_grid cols_1-2 laptops-cols_inherit tablets-cols_inherit mobiles-cols_1 valign_top type_default\"><div class=\"wpb_column vc_column_container\"><div class=\"vc_column-inner\"><div class=\"w-image align_center\"><div class=\"w-image-h\"><img loading=\"lazy\" decoding=\"async\" width=\"240\" height=\"240\" src=\"https:\/\/casanaihu.com\/wp-content\/uploads\/2022\/04\/Abona-logo-min.png\" class=\"attachment-full size-full\" alt=\"\" srcset=\"https:\/\/casanaihu.com\/wp-content\/uploads\/2022\/04\/Abona-logo-min.png 240w, https:\/\/casanaihu.com\/wp-content\/uploads\/2022\/04\/Abona-logo-min-150x150.png 150w, https:\/\/casanaihu.com\/wp-content\/uploads\/2022\/04\/Abona-logo-min-90x90.png 90w\" sizes=\"auto, (max-width: 240px) 100vw, 240px\" \/><\/div><\/div><\/div><\/div><div class=\"wpb_column vc_column_container\"><div class=\"vc_column-inner\"><div class=\"wpb_text_column\"><div class=\"wpb_wrapper\"><h3 id=\"motivos-por-los-que-te-gustaremos\">The Designation of Origin<\/h3>\n<p>La protecci\u00f3n para los vinos de esta Comarca fue otorgada seg\u00fan Orden de la Consejer\u00eda de Agricultura y Pesca del Gobierno de Canarias n\u00ba 870 de 5 de mayo de 1995 (BOCAC n\u00ba59 de 12\/5\/95) y ratificada por la Subdirecci\u00f3n General de Denominaciones de Calidad del Ministerio de Agricultura, Pesca y Alimentaci\u00f3n seg\u00fan OM del 06\/09\/96 (BOE 19\/09\/96).<\/p>\n<p><strong>Forman parte de la Denominaci\u00f3n de Origen 1200 viticultores que explotan una superficie de cultivo de 1200 hect\u00e1reas.<\/strong><\/p>\n<\/div><\/div><\/div><\/div><\/div><\/div><\/section><section class=\"l-section wpb_row height_small\"><div class=\"l-section-h i-cf\"><div class=\"g-cols vc_row via_grid cols_3 laptops-cols_inherit tablets-cols_inherit mobiles-cols_1 valign_top type_default\"><div class=\"wpb_column vc_column_container\"><div class=\"vc_column-inner\"><div class=\"w-image align_none\"><div class=\"w-image-h\"><img loading=\"lazy\" decoding=\"async\" width=\"156\" height=\"33\" src=\"https:\/\/casanaihu.com\/wp-content\/uploads\/2022\/04\/estrellas.png\" class=\"attachment-full size-full\" alt=\"\" srcset=\"https:\/\/casanaihu.com\/wp-content\/uploads\/2022\/04\/estrellas.png 156w, https:\/\/casanaihu.com\/wp-content\/uploads\/2022\/04\/estrellas-150x33.png 150w\" sizes=\"auto, (max-width: 156px) 100vw, 156px\" \/><\/div><\/div><div class=\"w-separator size_medium\"><\/div><div class=\"wpb_text_column\"><div class=\"wpb_wrapper\"><p><strong>SOCIEDAD COOPERATIVA CUMBRES DE ABONA<\/strong><\/p>\n<p>Bajada del Viso, 1. Teguedite. 38589. Arico<\/p>\n<p>Tel.:\u00a0<a href=\"tel:922768604\">922 768 604<\/a>\u00a0\u00b7 Fax: 922 768 234<\/p>\n<p><a href=\"mailto:bodega@cumbresabona.es\">bodega@cumbresabona.es <\/a><\/p>\n<p><a href=\"https:\/\/cumbresdeabona.es\/\" rel=\"nofollow\">https:\/\/cumbresdeabona.es\/<\/a><\/p>\n<p>Contact: MANUEL MARRERO REYES<\/p>\n<p>Year of foundation: 1.988<\/p>\n<p>Processing capacity: 700.000 lts.<\/p>\n<\/div><\/div><div class=\"w-separator size_medium\"><\/div><div class=\"wpb_text_column\"><div class=\"wpb_wrapper\"><p><strong>WINES<\/strong><\/p>\n<ul>\n<li><strong>CUMBRES DE ABONA:<\/strong> young dry white &#8211; young ros\u00e9 &#8211; young red.<\/li>\n<li><strong>FLOR DE CHASNA:<\/strong> young semi-sweet white &#8211; naturally sweet white &#8211; young semi-dry white &#8211; young dry white &#8211; young red &#8211; young red &#8211; young red 4 months in barrel &#8211; naturally sweet red.<\/li>\n<li><strong>TESTAMENTO:<\/strong> dry malvasia fermented in cask &#8211; young dry malvasia &#8211; young sweet malvasia.<\/li>\n<li><strong>TESTAMENTO ESENCIA:<\/strong> young sweet malvasia.<\/li>\n<\/ul>\n<\/div><\/div><div class=\"w-separator size_medium\"><\/div><\/div><\/div><div class=\"wpb_column vc_column_container\"><div class=\"vc_column-inner\"><div class=\"w-image align_none\"><div class=\"w-image-h\"><img loading=\"lazy\" decoding=\"async\" width=\"156\" height=\"33\" src=\"https:\/\/casanaihu.com\/wp-content\/uploads\/2022\/04\/estrellas.png\" class=\"attachment-full size-full\" alt=\"\" srcset=\"https:\/\/casanaihu.com\/wp-content\/uploads\/2022\/04\/estrellas.png 156w, https:\/\/casanaihu.com\/wp-content\/uploads\/2022\/04\/estrellas-150x33.png 150w\" sizes=\"auto, (max-width: 156px) 100vw, 156px\" \/><\/div><\/div><div class=\"w-separator size_medium\"><\/div><div class=\"wpb_text_column\"><div class=\"wpb_wrapper\"><p><strong>SOCIEDAD COOPERATIVA LAS ERAS DE ARICO<\/strong><\/p>\n<p>Finca Chaja\u00f1a s\/n. Icor. Arico<\/p>\n<p>Tel.:\u00a0<a href=\"tel:922277141\">922 277 141<\/a>\u00a0\u00b7 Fax: 922 271 311<\/p>\n<p>Contact: DAVID P\u00c9REZ GONZ\u00c1LEZ<\/p>\n<p>Year of foundation: 1.995<\/p>\n<p>Processing capacity: 50.000 lts.<\/p>\n<\/div><\/div><div class=\"w-separator size_medium\"><\/div><div class=\"wpb_text_column\"><div class=\"wpb_wrapper\"><p><strong>WINES<\/strong><\/p>\n<ul>\n<li><strong>VI\u00d1A CHAJA\u00d1A:<\/strong> young dry white &#8211; young red.<\/li>\n<li><strong>TOSCA:<\/strong> young dry white &#8211; red cask.<\/li>\n<\/ul>\n<\/div><\/div><div class=\"w-separator size_medium\"><\/div><\/div><\/div><div class=\"wpb_column vc_column_container\"><div class=\"vc_column-inner\"><div class=\"w-image align_none\"><div class=\"w-image-h\"><img loading=\"lazy\" decoding=\"async\" width=\"156\" height=\"33\" src=\"https:\/\/casanaihu.com\/wp-content\/uploads\/2022\/04\/estrellas.png\" class=\"attachment-full size-full\" alt=\"\" srcset=\"https:\/\/casanaihu.com\/wp-content\/uploads\/2022\/04\/estrellas.png 156w, https:\/\/casanaihu.com\/wp-content\/uploads\/2022\/04\/estrellas-150x33.png 150w\" sizes=\"auto, (max-width: 156px) 100vw, 156px\" \/><\/div><\/div><div class=\"w-separator size_medium\"><\/div><div class=\"wpb_text_column\"><div class=\"wpb_wrapper\"><p class=\"has-text-align-center margin-top-half\"><strong>JOS\u00c9 JEREM\u00cdAS AMARAL DELGADO<\/strong><\/p>\n<p>Ctra. Gral del Sur, 23. Arico<\/p>\n<p>Tel.:\u00a0<a href=\"tel:922768386\">922 768 386<\/a><\/p>\n<p>Contact: JOS\u00c9 J. AMARAL DELGADO<\/p>\n<p>Year of foundation: 2.004<\/p>\n<p>Processing capacity: 10.000 lts.<\/p>\n<\/div><\/div><div class=\"w-separator size_medium\"><\/div><div class=\"wpb_text_column\"><div class=\"wpb_wrapper\"><p><strong>WINES<\/strong><\/p>\n<ul>\n<li><strong>AUCH\u00d3N:<\/strong> young dry white &#8211; young red.<\/li>\n<li><strong>AMARAL:<\/strong> young dry white &#8211; young red.<\/li>\n<\/ul>\n<\/div><\/div><div class=\"w-separator size_medium\"><\/div><\/div><\/div><\/div><\/div><\/section><section class=\"l-section wpb_row height_small\"><div class=\"l-section-h i-cf\"><div class=\"g-cols vc_row via_grid cols_1 laptops-cols_inherit tablets-cols_inherit mobiles-cols_1 valign_top type_default\"><div class=\"wpb_column vc_column_container\"><div class=\"vc_column-inner\"><div class=\"wpb_text_column\"><div class=\"wpb_wrapper\"><p style=\"text-align: center;\"><em>Source: vinosdeabona.com<\/em><\/p>\n<\/div><\/div><\/div><\/div><\/div><\/div><\/section>\n","protected":false},"excerpt":{"rendered":"Gastronomy If there is one thing that leaves visitors spellbound, it is the gastronomy of the Canary Islands. Its variety of typical dishes and fish straight from the sea to the table delight all those who visit Tenerife. Arico is famous for its fish, honey, cheese and wine. An afternoon with these dishes will make...","protected":false},"author":1,"featured_media":0,"parent":1426,"menu_order":0,"comment_status":"closed","ping_status":"closed","template":"","meta":{"footnotes":""},"class_list":["post-1430","page","type-page","status-publish","hentry"],"_links":{"self":[{"href":"https:\/\/casanaihu.com\/en\/wp-json\/wp\/v2\/pages\/1430","targetHints":{"allow":["GET"]}}],"collection":[{"href":"https:\/\/casanaihu.com\/en\/wp-json\/wp\/v2\/pages"}],"about":[{"href":"https:\/\/casanaihu.com\/en\/wp-json\/wp\/v2\/types\/page"}],"author":[{"embeddable":true,"href":"https:\/\/casanaihu.com\/en\/wp-json\/wp\/v2\/users\/1"}],"replies":[{"embeddable":true,"href":"https:\/\/casanaihu.com\/en\/wp-json\/wp\/v2\/comments?post=1430"}],"version-history":[{"count":4,"href":"https:\/\/casanaihu.com\/en\/wp-json\/wp\/v2\/pages\/1430\/revisions"}],"predecessor-version":[{"id":1482,"href":"https:\/\/casanaihu.com\/en\/wp-json\/wp\/v2\/pages\/1430\/revisions\/1482"}],"up":[{"embeddable":true,"href":"https:\/\/casanaihu.com\/en\/wp-json\/wp\/v2\/pages\/1426"}],"wp:attachment":[{"href":"https:\/\/casanaihu.com\/en\/wp-json\/wp\/v2\/media?parent=1430"}],"curies":[{"name":"wp","href":"https:\/\/api.w.org\/{rel}","templated":true}]}}