{"id":1444,"date":"2021-11-28T13:34:44","date_gmt":"2021-11-28T13:34:44","guid":{"rendered":"https:\/\/casanaihu.com\/?page_id=1444"},"modified":"2022-05-03T11:08:09","modified_gmt":"2022-05-03T11:08:09","slug":"contact","status":"publish","type":"page","link":"https:\/\/casanaihu.com\/en\/contact\/","title":{"rendered":"Contact"},"content":{"rendered":"<section class=\"l-section wpb_row height_medium color_primary with_img\"><div class=\"l-section-img\" style=\"background-image: url(https:\/\/casanaihu.com\/wp-content\/uploads\/2022\/04\/casa-naihu-349932321.jpeg);\" data-img-width=\"1024\" data-img-height=\"683\"><\/div><div class=\"l-section-overlay\" style=\"background:rgba(0,0,0,0.45)\"><\/div><div class=\"l-section-h i-cf\"><div class=\"g-cols vc_row via_grid cols_1 laptops-cols_inherit tablets-cols_inherit mobiles-cols_1 valign_top type_default\"><div class=\"wpb_column vc_column_container\"><div class=\"vc_column-inner\"><h1 class=\"w-text us_custom_eb849559\"><span class=\"w-text-h\"><span class=\"w-text-value\">Contact<\/span><\/span><\/h1><\/div><\/div><\/div><\/div><\/section><section class=\"l-section wpb_row height_custom\"><div class=\"l-section-h i-cf\"><div class=\"g-cols vc_row via_grid cols_2 laptops-cols_inherit tablets-cols_inherit mobiles-cols_1 valign_top type_default\" style=\"grid-gap:4rem;\"><div class=\"wpb_column vc_column_container\"><div class=\"vc_column-inner\"><div class=\"w-vwrapper us_custom_6ec4ca84 us_animate_this align_none valign_top\" style=\"--vwrapper-gap:1rem\"><h3 class=\"w-text\"><span class=\"w-text-h\"><span class=\"w-text-value\">Contact us<\/span><\/span><\/h3><h5 class=\"w-text us_custom_0f088a09 has_text_color\"><a href=\"mailto:info@casanaihu.com\" class=\"w-text-h\"><span class=\"w-text-value\">info@casanaihu.com<\/span><\/a><\/h5><h5 class=\"w-text\"><span class=\"w-text-h\"><span class=\"w-text-value\">Calle Los Pescadores, 21, 38588 La Listada Arico, Santa Cruz de Tenerife<\/span><\/span><\/h5><h5 class=\"w-text us_custom_0f088a09 has_text_color\"><a href=\"tel:34686624807\" class=\"w-text-h\"><span class=\"w-text-value\">(+34) 686624807<\/span><\/a><\/h5><h5 class=\"w-text us_custom_0f088a09 has_text_color\"><a href=\"tel:34669934807\" class=\"w-text-h\"><span class=\"w-text-value\">(+34) 669934807<\/span><\/a><\/h5><div class=\"w-separator size_small\"><\/div><h3 class=\"w-text\"><span class=\"w-text-h\"><span class=\"w-text-value\">Follow us<\/span><\/span><\/h3><div class=\"w-socials us_custom_c96a8a09 color_text shape_none\" style=\"--gap:0.6em;\"><div class=\"w-socials-list\"><div class=\"w-socials-item facebook\"><a class=\"w-socials-item-link\" href=\"https:\/\/www.facebook.com\/Casa-Naihu-100189785964243\" target=\"_blank\" rel=\"noopener nofollow\" title=\"Facebook\" aria-label=\"Facebook\"><span class=\"w-socials-item-link-hover\"><\/span><i class=\"fab fa-facebook\"><\/i><\/a><div class=\"w-socials-item-popup\"><span>Facebook<\/span><\/div><\/div><div class=\"w-socials-item instagram\"><a class=\"w-socials-item-link\" href=\"https:\/\/instagram.com\/casa.naihu\" target=\"_blank\" rel=\"noopener nofollow\" title=\"Instagram\" aria-label=\"Instagram\"><span class=\"w-socials-item-link-hover\"><\/span><i class=\"fab fa-instagram\"><\/i><\/a><div class=\"w-socials-item-popup\"><span>Instagram<\/span><\/div><\/div><\/div><\/div><\/div><\/div><\/div><div class=\"wpb_column vc_column_container us_custom_6c21c073 us_animate_this\"><div class=\"vc_column-inner\"><div class=\"w-separator size_custom\" style=\"height:2vmax\" id=\"b4d0\"><style>@media(max-width:600px){ #b4d0{height:10vh!important}}<\/style><\/div><h3 class=\"w-text\"><span class=\"w-text-h\"><span class=\"w-text-value\">Get in touch!<\/span><\/span><\/h3><form class=\"w-form  us_custom_c3145f75 layout_ver for_cform us_form_1\" autocomplete=\"off\" action=\"https:\/\/casanaihu.com\/en\/wp-json\/wp\/v2\/pages\/1444\" method=\"post\" style=\"--fields-gap:1.9rem\"><div class=\"w-form-h\"><div class=\"w-form-row for_text\">\r\n\t\t<div class=\"w-form-row-field\">\r\n\t\t\t\t\t\t<input aria-label=\"Name\" type=\"text\" name=\"us_form_1_text_1\" value placeholder=\"Name\"\/>\r\n\t\t\t<\/div>\r\n\t\t<div class=\"w-form-row-state\">Fill out this field<\/div>\r\n<\/div>\r\n<div class=\"w-form-row for_email\">\r\n\t\t<div class=\"w-form-row-field\">\r\n\t\t\t\t\t\t<input aria-label=\"Email\" type=\"email\" name=\"us_form_1_email_1\" value placeholder=\"Email\"\/>\r\n\t\t\t<\/div>\r\n\t\t<div class=\"w-form-row-state\">Please enter a valid email address.<\/div>\r\n<\/div>\r\n<div class=\"w-form-row for_textarea\">\r\n\t\t<div class=\"w-form-row-field\">\r\n\t\t\t\t\t\t<textarea aria-label=\"Message\" name=\"us_form_1_textarea_1\" placeholder=\"Message\"><\/textarea>\r\n\t\t\t<\/div>\r\n\t\t<div class=\"w-form-row-state\">Fill out this field<\/div>\r\n<\/div>\r\n<div class=\"w-form-row for_agreement required\">\r\n\t\t<div class=\"w-form-row-field\">\r\n\t\t\t\t<label>\r\n\t\t\t<input type=\"checkbox\" class=\"screen-reader-text\" value=\"1\" data-required=\"true\" aria-required=\"true\" name=\"us_form_1_agreement_1\"\/>\r\n\t\t\t<span class=\"w-form-checkbox\"><\/span>\r\n\t\t\t<span>I accept <a href=\"\/en\/privacy-policy\">Privacy Policy<\/a>.<\/span>\r\n\t\t<\/label>\r\n\t\t\t<\/div>\r\n\t\t<div class=\"w-form-row-state\">You need to agree with the terms to proceed<\/div>\r\n<\/div>\r\n<input type=\"hidden\" name=\"action\" value=\"us_ajax_cform\" \/>\r\n<input type=\"hidden\" name=\"post_id\" value=\"0\" \/>\r\n<input type=\"hidden\" name=\"form_index\" value=\"1\" \/>\r\n<div class=\"w-form-row for_submit align_none\">\r\n\t<div class=\"w-form-row-field\">\r\n\t\t<button class=\"w-btn  us-btn-style_1\" aria-label=\"SEND\" type=\"submit\">\r\n\t\t\t<span class=\"g-preloader type_1\"><\/span>\r\n\t\t\t\t\t\t<span class=\"w-btn-label\">SEND<\/span>\r\n\t\t\t\t\t<\/button>\r\n\t<\/div>\r\n<\/div>\r\n<\/div><div class=\"w-form-message\"><\/div><div class=\"w-form-json hidden\" onclick='return {&quot;ajaxurl&quot;:&quot;https:\\\/\\\/casanaihu.com\\\/wp-admin\\\/admin-ajax.php&quot;}'><\/div><\/form><\/div><\/div><\/div><\/div><\/section><section class=\"l-section wpb_row height_custom\"><div class=\"l-section-h i-cf\"><div class=\"g-cols vc_row via_grid cols_1 laptops-cols_inherit tablets-cols_inherit mobiles-cols_1 valign_top type_default\"><div class=\"wpb_column vc_column_container\"><div class=\"vc_column-inner\"><div class=\"wpb_text_column\"><div class=\"wpb_wrapper\"><p><strong>Responsible<\/strong>: Mar\u00eda del Carmen Gonz\u00e1lez Cair\u00f3s casanaihu@gmail.com. <strong>Purpose<\/strong>: Management of the query, request or suggestion made by the interested party <strong>Legitimation<\/strong>: Your consent and legitimate interest in order to respond to the request. <strong>Rights<\/strong>: You have the right of access, rectification, suppression and other rights explained in the additional information. <strong>Additional information<\/strong>: See additional and detailed information on Data Protection in our <a href=\"https:\/\/casanaihu.com\/en\/privacy-policy\/\">Privacy Policy<\/a>.<\/p>\n<\/div><\/div><\/div><\/div><\/div><\/div><\/section><section class=\"l-section wpb_row height_custom\"><div class=\"l-section-h i-cf\"><div class=\"g-cols vc_row via_grid cols_1 laptops-cols_inherit tablets-cols_inherit mobiles-cols_1 valign_top type_default\"><div class=\"wpb_column vc_column_container\"><div class=\"vc_column-inner\"><div class=\"w-html\"><iframe src=\"https:\/\/www.google.com\/maps\/embed?pb=!1m18!1m12!1m3!1d3518.763228289249!2d-16.464010484512052!3d28.12324491369762!2m3!1f0!2f0!3f0!3m2!1i1024!2i768!4f13.1!3m3!1m2!1s0xc402149a2e5fd4b%3A0xb07e2d9505d27847!2sC.%20los%20Pescadores%2C%2021%2C%2038588%20La%20Listada%2C%20Santa%20Cruz%20de%20Tenerife!5e0!3m2!1ses!2ses!4v1650197251319!5m2!1ses!2ses\" width=\"100%\" height=\"350\" style=\"border:0;\" allowfullscreen=\"\" loading=\"lazy\" referrerpolicy=\"no-referrer-when-downgrade\"><\/iframe><\/div><\/div><\/div><\/div><\/div><\/section>\n","protected":false},"excerpt":{"rendered":"ContactContact usinfo@casanaihu.comCalle Los Pescadores, 21, 38588 La Listada Arico, Santa Cruz de Tenerife(+34) 686624807(+34) 669934807Follow usFacebookInstagramGet in touch! Fill out this field Please enter a valid email address. Fill out this field I accept Privacy Policy. You need to agree with the terms to proceed SEND Responsible: Mar\u00eda del Carmen Gonz\u00e1lez Cair\u00f3s casanaihu@gmail.com. Purpose: Management...","protected":false},"author":1,"featured_media":0,"parent":0,"menu_order":0,"comment_status":"closed","ping_status":"closed","template":"","meta":{"footnotes":""},"class_list":["post-1444","page","type-page","status-publish","hentry"],"_links":{"self":[{"href":"https:\/\/casanaihu.com\/en\/wp-json\/wp\/v2\/pages\/1444","targetHints":{"allow":["GET"]}}],"collection":[{"href":"https:\/\/casanaihu.com\/en\/wp-json\/wp\/v2\/pages"}],"about":[{"href":"https:\/\/casanaihu.com\/en\/wp-json\/wp\/v2\/types\/page"}],"author":[{"embeddable":true,"href":"https:\/\/casanaihu.com\/en\/wp-json\/wp\/v2\/users\/1"}],"replies":[{"embeddable":true,"href":"https:\/\/casanaihu.com\/en\/wp-json\/wp\/v2\/comments?post=1444"}],"version-history":[{"count":12,"href":"https:\/\/casanaihu.com\/en\/wp-json\/wp\/v2\/pages\/1444\/revisions"}],"predecessor-version":[{"id":1635,"href":"https:\/\/casanaihu.com\/en\/wp-json\/wp\/v2\/pages\/1444\/revisions\/1635"}],"wp:attachment":[{"href":"https:\/\/casanaihu.com\/en\/wp-json\/wp\/v2\/media?parent=1444"}],"curies":[{"name":"wp","href":"https:\/\/api.w.org\/{rel}","templated":true}]}}