{"id":1724,"date":"2025-01-15T11:56:54","date_gmt":"2025-01-15T11:56:54","guid":{"rendered":"https:\/\/casanaihu.com\/?page_id=1724"},"modified":"2025-01-16T20:48:19","modified_gmt":"2025-01-16T20:48:19","slug":"registration-form","status":"publish","type":"page","link":"https:\/\/casanaihu.com\/en\/registration-form\/","title":{"rendered":"REGISTRATION FORM"},"content":{"rendered":"<section class=\"l-section wpb_row height_small\"><div class=\"l-section-h i-cf\"><div class=\"g-cols vc_row via_grid cols_1 laptops-cols_inherit tablets-cols_inherit mobiles-cols_1 valign_top type_default\"><div class=\"wpb_column vc_column_container\"><div class=\"vc_column-inner\"><div class=\"w-image align_center\"><div class=\"w-image-h\"><img loading=\"lazy\" decoding=\"async\" width=\"180\" height=\"180\" src=\"https:\/\/casanaihu.com\/wp-content\/uploads\/2022\/04\/cropped-LOGO-CASA-NAIHU-PROFESIONAL-REDES-e1650184346900.jpeg\" class=\"attachment-us_180_0 size-us_180_0\" alt=\"\" \/><\/div><\/div>[vc_custom_heading source=&#8221;post_title&#8221; font_container=&#8221;tag:h2|text_align:center&#8221; use_theme_fonts=&#8221;yes&#8221;]<div class=\"wpb_text_column\"><div class=\"wpb_wrapper\"><div>\n<div>    <form id=\"client-form\" method=\"post\">\n        <div class=\"client-group\">\n            <h4 style=\"color: #282eb7; font-weight: bold;\">Guest Data<\/h4>\n            <input type=\"text\" name=\"nombre[]\" placeholder=\"Name\" required \/>\n            <input type=\"text\" name=\"papellido[]\" placeholder=\"First Surname\" required \/>\n            <input type=\"text\" name=\"sapellido[]\" placeholder=\"Last Surname\" required \/>\n            <!-- input type=\"text\" name=\"sexo[]\" placeholder=\"Sex\" required \/-->\n            <select name=\"sexo[]\" required>\n                <option value=\"-1\">- Sex -<\/option>\n                <option value=\"Hombre\">Men<\/option>\n                <option value=\"Mujer\">Woman<\/option>\n                <option value=\"Otro\">Other<\/option>\n            <\/select>\n            <input type=\"text\" name=\"ndocidentidad[]\" placeholder=\"Identity card number\" required \/>\n            <input type=\"text\" name=\"nsoportedoc[]\" placeholder=\"Document support number\" required \/>\n            <!-- input type=\"text\" name=\"tipodocumento[]\" placeholder=\"Type of document (DNI, Passport, TIE...)\" required \/> -->\n             <select name=\"tipodocumento[]\" id=\"tipodocumento\" required>\n                <option value=\"-1\">-- Type of document (DNI, Passport, TIE...) -- <\/option>\n                <option value=\"NIF\">NIF - Tax Identification Number<\/option>\n                <option value=\"NIE\">NIE - Foreigner Identity Number<\/option>\n                <option value=\"Pasaporte\">Passport number<\/option>\n                <option value=\"Otro\">Other<\/option>\n            <\/select>\n            <input type=\"text\" name=\"nacionalidad[]\" placeholder=\"Nationality\" required \/>\n            <label><span>Date of birth:<\/span>\n            <input type=\"date\" name=\"fnacimiento[]\" placeholder=\"Date of birth\" required \/><\/label>\n            <label><span>Usual place of residence:<\/span>\n            <input type=\"text\" name=\"lugar[]\" placeholder=\"Usual place of residence\" required \/><\/label>\n            <input type=\"text\" name=\"direccion[]\" placeholder=\"Full address\" required \/>\n            <input type=\"tel\" name=\"telefono[]\" placeholder=\"Landline telephone\" required \/>\n            <input type=\"tel\" name=\"telefonomovil[]\" placeholder=\"Mobile phone\" required \/>\n            <input type=\"email\" name=\"email[]\" placeholder=\"Email\" required \/>\n            <input type=\"text\" name=\"localidad[]\" placeholder=\"Location\" required \/>\n            <!-- <input type=\"text\" name=\"pais[]\" placeholder=\"Country\" required \/> -->\n            <select name=\"pais[]\" id=\"country\" required>\n                <option value=\"\">Select a country<\/option>\n                <option value=\"Afghanistan\">Afghanistan<\/option>\n                <option value=\"Albania\">Albania<\/option>\n                <option value=\"Algeria\">Algeria<\/option>\n                <option value=\"Andorra\">Andorra<\/option>\n                <option value=\"Angola\">Angola<\/option>\n                <option value=\"Antigua and Barbuda\">Antigua and Barbuda<\/option>\n                <option value=\"Argentina\">Argentina<\/option>\n                <option value=\"Armenia\">Armenia<\/option>\n                <option value=\"Australia\">Australia<\/option>\n                <option value=\"Austria\">Austria<\/option>\n                <option value=\"Azerbaijan\">Azerbaijan<\/option>\n                <option value=\"Bahamas\">Bahamas<\/option>\n                <option value=\"Bahrain\">Bahrain<\/option>\n                <option value=\"Bangladesh\">Bangladesh<\/option>\n                <option value=\"Barbados\">Barbados<\/option>\n                <option value=\"Belarus\">Belarus<\/option>\n                <option value=\"Belgium\">Belgium<\/option>\n                <option value=\"Belize\">Belize<\/option>\n                <option value=\"Benin\">Benin<\/option>\n                <option value=\"Bhutan\">Bhutan<\/option>\n                <option value=\"Bolivia\">Bolivia<\/option>\n                <option value=\"Bosnia and Herzegovina\">Bosnia and Herzegovina<\/option>\n                <option value=\"Botswana\">Botswana<\/option>\n                <option value=\"Brazil\">Brazil<\/option>\n                <option value=\"Brunei\">Brunei<\/option>\n                <option value=\"Bulgaria\">Bulgaria<\/option>\n                <option value=\"Burkina Faso\">Burkina Faso<\/option>\n                <option value=\"Burundi\">Burundi<\/option>\n                <option value=\"Cambodia\">Cambodia<\/option>\n                <option value=\"Cameroon\">Cameroon<\/option>\n                <option value=\"Canada\">Canada<\/option>\n                <option value=\"Cape Verde\">Cape Verde<\/option>\n                <option value=\"Central African Republic\">Central African Republic<\/option>\n                <option value=\"Chad\">Chad<\/option>\n                <option value=\"Chile\">Chile<\/option>\n                <option value=\"China\">China<\/option>\n                <option value=\"Colombia\">Colombia<\/option>\n                <option value=\"Comoros\">Comoros<\/option>\n                <option value=\"Congo (Congo-Brazzaville)\">Congo (Congo-Brazzaville)<\/option>\n                <option value=\"Costa Rica\">Costa Rica<\/option>\n                <option value=\"Croatia\">Croatia<\/option>\n                <option value=\"Cuba\">Cuba<\/option>\n                <option value=\"Cyprus\">Cyprus<\/option>\n                <option value=\"Czechia (Czech Republic)\">Czechia (Czech Republic)<\/option>\n                <option value=\"Denmark\">Denmark<\/option>\n                <option value=\"Djibouti\">Djibouti<\/option>\n                <option value=\"Dominica\">Dominica<\/option>\n                <option value=\"Dominican Republic\">Dominican Republic<\/option>\n                <option value=\"Ecuador\">Ecuador<\/option>\n                <option value=\"Egypt\">Egypt<\/option>\n                <option value=\"El Salvador\">El Salvador<\/option>\n                <option value=\"Equatorial Guinea\">Equatorial Guinea<\/option>\n                <option value=\"Eritrea\">Eritrea<\/option>\n                <option value=\"Estonia\">Estonia<\/option>\n                <option value=\"Eswatini (fmr. \"Swaziland\")\">Eswatini (fmr. Swaziland)<\/option>\n                <option value=\"Ethiopia\">Ethiopia<\/option>\n                <option value=\"Fiji\">Fiji<\/option>\n                <option value=\"Finland\">Finland<\/option>\n                <option value=\"France\">France<\/option>\n                <option value=\"Gabon\">Gabon<\/option>\n                <option value=\"Gambia\">Gambia<\/option>\n                <option value=\"Georgia\">Georgia<\/option>\n                <option value=\"Germany\">Germany<\/option>\n                <option value=\"Ghana\">Ghana<\/option>\n                <option value=\"Greece\">Greece<\/option>\n                <option value=\"Grenada\">Grenada<\/option>\n                <option value=\"Guatemala\">Guatemala<\/option>\n                <option value=\"Guinea\">Guinea<\/option>\n                <option value=\"Guinea-Bissau\">Guinea-Bissau<\/option>\n                <option value=\"Guyana\">Guyana<\/option>\n                <option value=\"Haiti\">Haiti<\/option>\n                <option value=\"Honduras\">Honduras<\/option>\n                <option value=\"Hungary\">Hungary<\/option>\n                <option value=\"Iceland\">Iceland<\/option>\n                <option value=\"India\">India<\/option>\n                <option value=\"Indonesia\">Indonesia<\/option>\n                <option value=\"Iran\">Iran<\/option>\n                <option value=\"Iraq\">Iraq<\/option>\n                <option value=\"Ireland\">Ireland<\/option>\n                <option value=\"Israel\">Israel<\/option>\n                <option value=\"Italy\">Italy<\/option>\n                <option value=\"Jamaica\">Jamaica<\/option>\n                <option value=\"Japan\">Japan<\/option>\n                <option value=\"Jordan\">Jordan<\/option>\n                <option value=\"Kazakhstan\">Kazakhstan<\/option>\n                <option value=\"Kenya\">Kenya<\/option>\n                <option value=\"Kiribati\">Kiribati<\/option>\n                <option value=\"Kuwait\">Kuwait<\/option>\n                <option value=\"Kyrgyzstan\">Kyrgyzstan<\/option>\n                <option value=\"Laos\">Laos<\/option>\n                <option value=\"Latvia\">Latvia<\/option>\n                <option value=\"Lebanon\">Lebanon<\/option>\n                <option value=\"Lesotho\">Lesotho<\/option>\n                <option value=\"Liberia\">Liberia<\/option>\n                <option value=\"Libya\">Libya<\/option>\n                <option value=\"Liechtenstein\">Liechtenstein<\/option>\n                <option value=\"Lithuania\">Lithuania<\/option>\n                <option value=\"Luxembourg\">Luxembourg<\/option>\n                <option value=\"Madagascar\">Madagascar<\/option>\n                <option value=\"Malawi\">Malawi<\/option>\n                <option value=\"Malaysia\">Malaysia<\/option>\n                <option value=\"Maldives\">Maldives<\/option>\n                <option value=\"Mali\">Mali<\/option>\n                <option value=\"Malta\">Malta<\/option>\n                <option value=\"Marshall Islands\">Marshall Islands<\/option>\n                <option value=\"Mauritania\">Mauritania<\/option>\n                <option value=\"Mauritius\">Mauritius<\/option>\n                <option value=\"Mexico\">Mexico<\/option>\n                <option value=\"Micronesia\">Micronesia<\/option>\n                <option value=\"Moldova\">Moldova<\/option>\n                <option value=\"Monaco\">Monaco<\/option>\n                <option value=\"Mongolia\">Mongolia<\/option>\n                <option value=\"Montenegro\">Montenegro<\/option>\n                <option value=\"Morocco\">Morocco<\/option>\n                <option value=\"Mozambique\">Mozambique<\/option>\n                <option value=\"Myanmar (Burma)\">Myanmar (Burma)<\/option>\n                <option value=\"Namibia\">Namibia<\/option>\n                <option value=\"Nauru\">Nauru<\/option>\n                <option value=\"Nepal\">Nepal<\/option>\n                <option value=\"Netherlands\">Netherlands<\/option>\n                <option value=\"New Zealand\">New Zealand<\/option>\n                <option value=\"Nicaragua\">Nicaragua<\/option>\n                <option value=\"Niger\">Niger<\/option>\n                <option value=\"Nigeria\">Nigeria<\/option>\n                <option value=\"North Macedonia\">North Macedonia<\/option>\n                <option value=\"Norway\">Norway<\/option>\n                <option value=\"Oman\">Oman<\/option>\n                <option value=\"Pakistan\">Pakistan<\/option>\n                <option value=\"Palau\">Palau<\/option>\n                <option value=\"Palestine\">Palestine<\/option>\n                <option value=\"Panama\">Panama<\/option>\n                <option value=\"Papua New Guinea\">Papua New Guinea<\/option>\n                <option value=\"Paraguay\">Paraguay<\/option>\n                <option value=\"Peru\">Peru<\/option>\n                <option value=\"Philippines\">Philippines<\/option>\n                <option value=\"Poland\">Poland<\/option>\n                <option value=\"Portugal\">Portugal<\/option>\n                <option value=\"Qatar\">Qatar<\/option>\n                <option value=\"Romania\">Romania<\/option>\n                <option value=\"Russia\">Russia<\/option>\n                <option value=\"Rwanda\">Rwanda<\/option>\n                <option value=\"Saint Kitts and Nevis\">Saint Kitts and Nevis<\/option>\n                <option value=\"Saint Lucia\">Saint Lucia<\/option>\n                <option value=\"Saint Vincent and the Grenadines\">Saint Vincent and the Grenadines<\/option>\n                <option value=\"Samoa\">Samoa<\/option>\n                <option value=\"San Marino\">San Marino<\/option>\n                <option value=\"Sao Tome and Principe\">Sao Tome and Principe<\/option>\n                <option value=\"Saudi Arabia\">Saudi Arabia<\/option>\n                <option value=\"Senegal\">Senegal<\/option>\n                <option value=\"Serbia\">Serbia<\/option>\n                <option value=\"Seychelles\">Seychelles<\/option>\n                <option value=\"Sierra Leone\">Sierra Leone<\/option>\n                <option value=\"Singapore\">Singapore<\/option>\n                <option value=\"Slovakia\">Slovakia<\/option>\n                <option value=\"Slovenia\">Slovenia<\/option>\n                <option value=\"Solomon Islands\">Solomon Islands<\/option>\n                <option value=\"Somalia\">Somalia<\/option>\n                <option value=\"South Africa\">South Africa<\/option>\n                <option value=\"South Korea\">South Korea<\/option>\n                <option value=\"South Sudan\">South Sudan<\/option>\n                <option value=\"Spain\">Spain<\/option>\n                <option value=\"Sri Lanka\">Sri Lanka<\/option>\n                <option value=\"Sudan\">Sudan<\/option>\n                <option value=\"Suriname\">Suriname<\/option>\n                <option value=\"Sweden\">Sweden<\/option>\n                <option value=\"Switzerland\">Switzerland<\/option>\n                <option value=\"Syria\">Syria<\/option>\n                <option value=\"Tajikistan\">Tajikistan<\/option>\n                <option value=\"Tanzania\">Tanzania<\/option>\n                <option value=\"Thailand\">Thailand<\/option>\n                <option value=\"Timor-Leste\">Timor-Leste<\/option>\n                <option value=\"Togo\">Togo<\/option>\n                <option value=\"Tonga\">Tonga<\/option>\n                <option value=\"Trinidad and Tobago\">Trinidad and Tobago<\/option>\n                <option value=\"Tunisia\">Tunisia<\/option>\n                <option value=\"Turkey\">Turkey<\/option>\n                <option value=\"Turkmenistan\">Turkmenistan<\/option>\n                <option value=\"Tuvalu\">Tuvalu<\/option>\n                <option value=\"Uganda\">Uganda<\/option>\n                <option value=\"Ukraine\">Ukraine<\/option>\n                <option value=\"United Arab Emirates\">United Arab Emirates<\/option>\n                <option value=\"United Kingdom\">United Kingdom<\/option>\n                <option value=\"United States of America\">United States of America<\/option>\n                <option value=\"Uruguay\">Uruguay<\/option>\n                <option value=\"Uzbekistan\">Uzbekistan<\/option>\n                <option value=\"Vanuatu\">Vanuatu<\/option>\n                <option value=\"Vatican City\">Vatican City<\/option>\n                <option value=\"Venezuela\">Venezuela<\/option>\n                <option value=\"Vietnam\">Vietnam<\/option>\n                <option value=\"Yemen\">Yemen<\/option>\n                <option value=\"Zambia\">Zambia<\/option>\n                <option value=\"Zimbabwe\">Zimbabwe<\/option>\n            <\/select>\n\n            <input type=\"number\" name=\"nviajeros[]\" placeholder=\"Number of travellers\" required \/>\n            <!-- input type=\"text\" name=\"relacion[]\" placeholder=\"Relationship between travellers (if any of them are minors)\" required \/> -->\n            <select name=\"relacion[]\" id=\"relaciones\" required>\n                <option value=\"-1\">Relationship between travellers (if any of them are minors)<\/option>\n                <option value=\"grandparent\">Grandparent<\/option>\n                <option value=\"great-grandparent\">Great-grandparent<\/option>\n                <option value=\"great-grandchild\">Great-grandchild<\/option>\n                <option value=\"brother-in-law\">Brother-in-law\/Sister-in-law<\/option>\n                <option value=\"spouse\">Spouse<\/option>\n                <option value=\"child\">Child<\/option>\n                <option value=\"sibling\">Sibling<\/option>\n                <option value=\"grandchild\">Grandchild<\/option>\n                <option value=\"parent\">Parent<\/option>\n                <option value=\"nephew-niece\">Nephew\/Niece<\/option>\n                <option value=\"father-in-law\">Father-in-law\/Mother-in-law<\/option>\n                <option value=\"uncle-aunt\">Uncle\/Aunt<\/option>\n                <option value=\"new-year\">New year<\/option>\n                <option value=\"guardian\">Guardian<\/option>\n                <option value=\"other\">Other<\/option>\n            <\/select>\n            <label><span>Arrival date:<\/span>\n            <input type=\"date\" name=\"fllegada[]\" placeholder=\"Arrival date\" required \/><\/label>\n            <label><span>Departure date:<\/span>\n            <input type=\"date\" name=\"fsalida[]\" placeholder=\"Departure date\" required \/><\/label>\n        <\/div>\n        <button type=\"button\" id=\"add-client\">Add another guest<\/button>\n        <br><br>\n\t\t<label  class=\"consentimiento\"><input type=\"checkbox\" name=\"consentimiento\" required> <span>I have read and accept the <a href=\"https:\/\/casanaihu.com\/en\/privacy-policy\/\" target=\"_blank\">Privacy Policy<\/a>.<\/span><\/label>\n        <br><br>\n        <input type=\"submit\" name=\"submit_client_form\" value=\"Send\" \/>\n\t\t<br>\n    <\/form>\n\n    <script>\n        document.addEventListener(\"DOMContentLoaded\", function () {\n            \/\/ Manejar bot\u00f3n \"A\u00f1adir otro cliente\"\n            document.getElementById(\"add-client\").addEventListener(\"click\", function () {\n                const firstGroup = document.querySelector(\".client-group\");\n                const newGroup = firstGroup.cloneNode(true);\n\n                \/\/ Limpiar valores de los campos\n                newGroup.querySelectorAll(\"input\").forEach(input => {\n                    input.value = \"\";\n                });\n\n                \/\/ Agregar el nuevo grupo al formulario\n                document.getElementById(\"client-form\").insertBefore(newGroup, this);\n            });\n        });\n    <\/script>\n\n    <\/div>\n<\/div>\n<\/div><\/div><div class=\"w-separator size_medium\"><\/div><div class=\"wpb_text_column\"><div class=\"wpb_wrapper\"><p><strong>Police Registration and Registration Card<\/strong><\/p>\n<p>Welcome to CASA NAIHU, a holiday home that offers you the most complete stay options at your disposal.<\/p>\n<p><strong>INFORMATION OF YOUR INTEREST<\/strong><\/p>\n<p>Remember that smoking is not allowed in any area of the house. If you are a smoker, you can smoke on the roof terrace of the house, which you can access with the key provided.<\/p>\n<p>Please remember that you are in a village that is characterised by its tranquillity, which we ask you to preserve. Especially between 10 p.m. and 10:00 a.m.<\/p>\n<p>On the day of your departure, the flat must be vacated by 11:00 am.<\/p>\n<p>The new registration is the application of Royal Decree 933\/2021 and comes into force on 2 December 2024.<\/p>\n<p>&nbsp;<\/p>\n<p><strong>BASIC INFORMATION ON DATA PROTECTION<\/strong><br \/>\n<strong>Responsible:<\/strong> Mar\u00eda del Carmen Gonz\u00e1lez Cair\u00f3s casanaihu@gmail.com. <strong>Purpose:<\/strong> To formalise and manage the booking, make the payment in accordance with the booking and cancellation conditions, as well as for possible services derived from your stay. Completion of the book &#8211; register and travellers&#8217; entry report. <strong>Legitimation:<\/strong> Contractual execution. Compliance with a legal obligation (Organic Law 4\/2015, of 30 March, on the Protection of Public Safety, article 25.1.) <strong>Recipients:<\/strong> The data will not be communicated to third parties, except with your consent or by legal obligation. In compliance with the LO 4\/2015 on the protection of citizen security, the data of guests will be communicated to the police authorities.<strong> Rights:<\/strong> You have the right of access, rectification, deletion, and other rights explained in the additional information. <strong>Additional Information:<\/strong> Privacy Policy at www.casanaihu.com.<\/p>\n<\/div><\/div><\/div><\/div><\/div><\/div><\/section>\n","protected":false},"excerpt":{"rendered":"[vc_custom_heading source=\"post_title\" font_container=\"tag:h2|text_align:center\" use_theme_fonts=\"yes\"] Guest Data - Sex - Men Woman Other -- Type of document (DNI, Passport, TIE...) -- NIF - Tax Identification Number NIE - Foreigner Identity Number Passport number Other Date of birth: Usual place of residence: Select a country Afghanistan Albania Algeria Andorra Angola Antigua and Barbuda Argentina Armenia Australia Austria...","protected":false},"author":1,"featured_media":0,"parent":0,"menu_order":0,"comment_status":"closed","ping_status":"closed","template":"","meta":{"footnotes":""},"class_list":["post-1724","page","type-page","status-publish","hentry"],"_links":{"self":[{"href":"https:\/\/casanaihu.com\/en\/wp-json\/wp\/v2\/pages\/1724","targetHints":{"allow":["GET"]}}],"collection":[{"href":"https:\/\/casanaihu.com\/en\/wp-json\/wp\/v2\/pages"}],"about":[{"href":"https:\/\/casanaihu.com\/en\/wp-json\/wp\/v2\/types\/page"}],"author":[{"embeddable":true,"href":"https:\/\/casanaihu.com\/en\/wp-json\/wp\/v2\/users\/1"}],"replies":[{"embeddable":true,"href":"https:\/\/casanaihu.com\/en\/wp-json\/wp\/v2\/comments?post=1724"}],"version-history":[{"count":3,"href":"https:\/\/casanaihu.com\/en\/wp-json\/wp\/v2\/pages\/1724\/revisions"}],"predecessor-version":[{"id":1727,"href":"https:\/\/casanaihu.com\/en\/wp-json\/wp\/v2\/pages\/1724\/revisions\/1727"}],"wp:attachment":[{"href":"https:\/\/casanaihu.com\/en\/wp-json\/wp\/v2\/media?parent=1724"}],"curies":[{"name":"wp","href":"https:\/\/api.w.org\/{rel}","templated":true}]}}